{"id":7,"date":"2021-02-09T21:24:45","date_gmt":"2021-02-09T20:24:45","guid":{"rendered":"https:\/\/eurodom.waw.pl\/?page_id=7"},"modified":"2021-02-09T21:24:45","modified_gmt":"2021-02-09T20:24:45","slug":"strona-glowna","status":"publish","type":"page","link":"https:\/\/eurodom.waw.pl\/","title":{"rendered":"Strona g\u0142\u00f3wna"},"content":{"rendered":"<div class=\"col-md-5\">\n<h3>O Hestii<\/h3>\n<p>Potrzebujesz wi\u0119cej szczeg\u00f3\u0142\u00f3w? Sprawd\u017a prosz\u0119 ca\u0142\u0105 nasz\u0105 dokumentacj\u0119, by uzyska\u0107 szczeg\u00f3\u0142owe informacje na temat u\u017cytkowania Hestii.<\/p><\/div>\n<div class=\"col-md-6 col-md-offset-1\"><img class=\"size-medium alignright\" src=\"https:\/\/eurodom.waw.pl\/wp-content\/themes\/hestia\/assets\/img\/about-content.png\"\/><\/div>\n","protected":false},"excerpt":{"rendered":"<p>O Hestii Potrzebujesz wi\u0119cej szczeg\u00f3\u0142\u00f3w? Sprawd\u017a prosz\u0119 ca\u0142\u0105 nasz\u0105 dokumentacj\u0119, by uzyska\u0107 szczeg\u00f3\u0142owe informacje na temat u\u017cytkowania Hestii.<\/p>\n","protected":false},"author":1,"featured_media":0,"parent":0,"menu_order":0,"comment_status":"closed","ping_status":"closed","template":"","meta":[],"_links":{"self":[{"href":"https:\/\/eurodom.waw.pl\/index.php?rest_route=\/wp\/v2\/pages\/7"}],"collection":[{"href":"https:\/\/eurodom.waw.pl\/index.php?rest_route=\/wp\/v2\/pages"}],"about":[{"href":"https:\/\/eurodom.waw.pl\/index.php?rest_route=\/wp\/v2\/types\/page"}],"author":[{"embeddable":true,"href":"https:\/\/eurodom.waw.pl\/index.php?rest_route=\/wp\/v2\/users\/1"}],"replies":[{"embeddable":true,"href":"https:\/\/eurodom.waw.pl\/index.php?rest_route=%2Fwp%2Fv2%2Fcomments&post=7"}],"version-history":[{"count":1,"href":"https:\/\/eurodom.waw.pl\/index.php?rest_route=\/wp\/v2\/pages\/7\/revisions"}],"predecessor-version":[{"id":10,"href":"https:\/\/eurodom.waw.pl\/index.php?rest_route=\/wp\/v2\/pages\/7\/revisions\/10"}],"wp:attachment":[{"href":"https:\/\/eurodom.waw.pl\/index.php?rest_route=%2Fwp%2Fv2%2Fmedia&parent=7"}],"curies":[{"name":"wp","href":"https:\/\/api.w.org\/{rel}","templated":true}]}}